{"id":13487,"date":"2024-01-23T16:07:51","date_gmt":"2024-01-23T16:07:51","guid":{"rendered":"https:\/\/www.admeyo.com\/cookie-privacy-policy\/"},"modified":"2024-01-25T14:48:50","modified_gmt":"2024-01-25T14:48:50","slug":"cookie-privacy-policy","status":"publish","type":"page","link":"https:\/\/www.admeyo.com\/de\/cookie-privacy-policy\/","title":{"rendered":"Cookie-Datenschutzrichtlinie"},"content":{"rendered":"<div data-elementor-type=\"wp-page\" data-elementor-id=\"13487\" class=\"elementor elementor-13487\" data-elementor-post-type=\"page\">\n\t\t\t\t\t\t\t\t\t<section class=\"elementor-section elementor-top-section elementor-element elementor-element-1b5168bb elementor-section-content-middle elementor-section-boxed elementor-section-height-default elementor-section-height-default\" data-id=\"1b5168bb\" data-element_type=\"section\" data-settings=\"{&quot;background_background&quot;:&quot;classic&quot;,&quot;_ha_eqh_enable&quot;:false}\">\n\t\t\t\t\t\t\t<div class=\"elementor-background-overlay\"><\/div>\n\t\t\t\t\t\t\t<div class=\"elementor-container elementor-column-gap-no\">\n\t\t\t\t\t<div class=\"elementor-column elementor-col-100 elementor-top-column elementor-element elementor-element-38d992bc\" data-id=\"38d992bc\" data-element_type=\"column\">\n\t\t\t<div class=\"elementor-widget-wrap elementor-element-populated\">\n\t\t\t\t\t\t\t\t<section class=\"elementor-section elementor-inner-section elementor-element elementor-element-3dcdb38f elementor-reverse-tablet elementor-reverse-mobile elementor-section-boxed elementor-section-height-default elementor-section-height-default\" data-id=\"3dcdb38f\" data-element_type=\"section\" data-settings=\"{&quot;_ha_eqh_enable&quot;:false}\">\n\t\t\t\t\t\t<div class=\"elementor-container elementor-column-gap-no\">\n\t\t\t\t\t<div class=\"elementor-column elementor-col-100 elementor-inner-column elementor-element elementor-element-21de8ea0\" data-id=\"21de8ea0\" data-element_type=\"column\">\n\t\t\t<div class=\"elementor-widget-wrap elementor-element-populated\">\n\t\t\t\t\t\t\t\t\t<\/div>\n\t\t<\/div>\n\t\t\t\t\t\t\t<\/div>\n\t\t<\/section>\n\t\t\t\t\t<\/div>\n\t\t<\/div>\n\t\t\t\t\t\t\t<\/div>\n\t\t<\/section>\n\t\t<div class=\"elementor-element elementor-element-1230cda e-flex e-con-boxed e-con e-parent\" data-id=\"1230cda\" data-element_type=\"container\" data-settings=\"{&quot;content_width&quot;:&quot;boxed&quot;,&quot;_ha_eqh_enable&quot;:false}\" data-core-v316-plus=\"true\">\n\t\t\t\t\t<div class=\"e-con-inner\">\n\t\t\t\t<div class=\"elementor-element elementor-element-2ee21df elementor-widget elementor-widget-text-editor\" data-id=\"2ee21df\" data-element_type=\"widget\" data-widget_type=\"text-editor.default\">\n\t\t\t\t<div class=\"elementor-widget-container\">\n\t\t\t\t\t\t\t<p>https:\/\/www.admeyo.com verpflichtet sich, Ihre Privatsph\u00e4re online zu sch\u00fctzen. Welche Informationen sammeln wir? Wir sammeln Informationen von Ihnen, wenn Sie unsere Seite besuchen. Wenn Sie etwas auf unserer Seite einreichen oder sich registrieren, werden Sie unter Umst\u00e4nden aufgefordert, Ihren Namen oder Ihre E-Mail-Adresse einzugeben. Sie k\u00f6nnen unsere Seite jedoch auch anonym besuchen. Wof\u00fcr verwenden wir Ihre Informationen? Alle Informationen, die wir von Ihnen sammeln, k\u00f6nnen auf eine der folgenden Arten verwendet werden: Zur Verbesserung unserer Website Zur Verbesserung des Kundendienstes Wie sch\u00fctzen wir Ihre Informationen? Wir implementieren eine Vielzahl von Sicherheitsma\u00dfnahmen, um die Sicherheit Ihrer pers\u00f6nlichen Daten zu gew\u00e4hrleisten, wenn Sie eine Bestellung aufgeben oder Ihre pers\u00f6nlichen Daten eingeben, einreichen oder darauf zugreifen. Cookies Cookies sind kleine Dateien, die eine Seite oder ihr Dienstanbieter \u00fcber Ihren Webbrowser auf die Festplatte Ihres Computers \u00fcbertr\u00e4gt (sofern Sie dies zulassen), damit die Systeme der Seite oder des Dienstanbieters Ihren Browser erkennen und bestimmte Informationen erfassen und speichern k\u00f6nnen. Wir verwenden Cookies, um Ihre Pr\u00e4ferenzen f\u00fcr zuk\u00fcnftige Besuche zu verstehen und zu speichern. Nur Online-Datenschutzrichtlinie Diese Online-Datenschutzrichtlinie gilt nur f\u00fcr Informationen, die \u00fcber unsere Website gesammelt werden, und nicht f\u00fcr Informationen, die offline gesammelt werden. \u00c4nderungen unserer Datenschutzrichtlinie Sollten wir unsere Datenschutzrichtlinie \u00e4ndern, ver\u00f6ffentlichen wir diese \u00c4nderungen auf dieser Seite. Bei Fragen oder Anregungen zu unserer Datenschutzerkl\u00e4rung kontaktieren Sie uns bitte. Wir melden uns umgehend bei Ihnen.<\/p><h3>KONTAKTINFORMATIONEN<\/h3><p>Admeyo <br \/>Postanschrift: Flight Forum 40, 5657 DB Eindhoven, Niederlande <br \/>Telefon: Bald<br \/>Flugforum 40, <br \/>Eindhoven, Nordbrabant, 5657 <br \/>Niederlande <br \/>Kontakt-E-Mail: <span \n                data-original-string=\"b26o19s8PAzTCMUjyRIQ2w==\"\n                class=\"apbct-email-encoder\"\n                title=\"This contact has been encoded by Anti-Spam by CleanTalk. Click to decode. To finish the decoding make sure that JavaScript is enabled in your browser.\">in**@ad****.com<\/span>.<\/p><div>\u00a0<\/div><p><script src=\"chrome-extension:\/\/hhojmcideegachlhfgfdhailpfhgknjm\/web_accessible_resources\/index.js\"><\/script><\/p><p><script src=\"chrome-extension:\/\/hhojmcideegachlhfgfdhailpfhgknjm\/web_accessible_resources\/index.js\"><\/script><\/p>\t\t\t\t\t\t<\/div>\n\t\t\t\t<\/div>\n\t\t\t\t\t<\/div>\n\t\t\t\t<\/div>\n\t\t\t\t\t\t\t<\/div>","protected":false},"excerpt":{"rendered":"<p>https:\/\/www.admeyo.com is committed to protecting your privacy online. What information do we collect? We collect information from you when you visit our site. When submitting or registering on our site, you may be asked to enter your: name or e-mail address. You may, however, visit our site anonymously. What do we use your information for?&hellip;<\/p>","protected":false},"author":1,"featured_media":0,"parent":0,"menu_order":0,"comment_status":"closed","ping_status":"open","template":"elementor_header_footer","meta":{"footnotes":""},"class_list":["post-13487","page","type-page","status-publish","hentry"],"_links":{"self":[{"href":"https:\/\/www.admeyo.com\/de\/wp-json\/wp\/v2\/pages\/13487","targetHints":{"allow":["GET"]}}],"collection":[{"href":"https:\/\/www.admeyo.com\/de\/wp-json\/wp\/v2\/pages"}],"about":[{"href":"https:\/\/www.admeyo.com\/de\/wp-json\/wp\/v2\/types\/page"}],"author":[{"embeddable":true,"href":"https:\/\/www.admeyo.com\/de\/wp-json\/wp\/v2\/users\/1"}],"replies":[{"embeddable":true,"href":"https:\/\/www.admeyo.com\/de\/wp-json\/wp\/v2\/comments?post=13487"}],"version-history":[{"count":0,"href":"https:\/\/www.admeyo.com\/de\/wp-json\/wp\/v2\/pages\/13487\/revisions"}],"wp:attachment":[{"href":"https:\/\/www.admeyo.com\/de\/wp-json\/wp\/v2\/media?parent=13487"}],"curies":[{"name":"wp","href":"https:\/\/api.w.org\/{rel}","templated":true}]}}