{"id":13655,"date":"2024-01-25T16:58:37","date_gmt":"2024-01-25T16:58:37","guid":{"rendered":"https:\/\/www.admeyo.com\/terms-and-conditions\/"},"modified":"2024-01-25T17:00:05","modified_gmt":"2024-01-25T17:00:05","slug":"terms-and-conditions","status":"publish","type":"page","link":"https:\/\/www.admeyo.com\/de\/terms-and-conditions\/","title":{"rendered":"Gesch\u00e4ftsbedingungen"},"content":{"rendered":"<div data-elementor-type=\"wp-page\" data-elementor-id=\"13655\" class=\"elementor elementor-13655\" data-elementor-post-type=\"page\">\n\t\t\t\t\t\t\t\t\t<section class=\"elementor-section elementor-top-section elementor-element elementor-element-6a519e3f elementor-section-content-middle elementor-section-boxed elementor-section-height-default elementor-section-height-default\" data-id=\"6a519e3f\" data-element_type=\"section\" data-settings=\"{&quot;background_background&quot;:&quot;classic&quot;,&quot;_ha_eqh_enable&quot;:false}\">\n\t\t\t\t\t\t\t<div class=\"elementor-background-overlay\"><\/div>\n\t\t\t\t\t\t\t<div class=\"elementor-container elementor-column-gap-no\">\n\t\t\t\t\t<div class=\"elementor-column elementor-col-100 elementor-top-column elementor-element elementor-element-44107c92\" data-id=\"44107c92\" data-element_type=\"column\">\n\t\t\t<div class=\"elementor-widget-wrap elementor-element-populated\">\n\t\t\t\t\t\t\t\t<section class=\"elementor-section elementor-inner-section elementor-element elementor-element-213c85d7 elementor-reverse-tablet elementor-reverse-mobile elementor-section-boxed elementor-section-height-default elementor-section-height-default\" data-id=\"213c85d7\" data-element_type=\"section\" data-settings=\"{&quot;_ha_eqh_enable&quot;:false}\">\n\t\t\t\t\t\t<div class=\"elementor-container elementor-column-gap-no\">\n\t\t\t\t\t<div class=\"elementor-column elementor-col-100 elementor-inner-column elementor-element elementor-element-1e2d89d9\" data-id=\"1e2d89d9\" data-element_type=\"column\">\n\t\t\t<div class=\"elementor-widget-wrap elementor-element-populated\">\n\t\t\t\t\t\t\t\t\t<\/div>\n\t\t<\/div>\n\t\t\t\t\t\t\t<\/div>\n\t\t<\/section>\n\t\t\t\t\t<\/div>\n\t\t<\/div>\n\t\t\t\t\t\t\t<\/div>\n\t\t<\/section>\n\t\t<div class=\"elementor-element elementor-element-2be1c5a1 e-flex e-con-boxed e-con e-parent\" data-id=\"2be1c5a1\" data-element_type=\"container\" data-settings=\"{&quot;content_width&quot;:&quot;boxed&quot;,&quot;_ha_eqh_enable&quot;:false}\" data-core-v316-plus=\"true\">\n\t\t\t\t\t<div class=\"e-con-inner\">\n\t\t\t\t<div class=\"elementor-element elementor-element-72f73893 elementor-widget elementor-widget-text-editor\" data-id=\"72f73893\" data-element_type=\"widget\" data-widget_type=\"text-editor.default\">\n\t\t\t\t<div class=\"elementor-widget-container\">\n\t\t\t\t\t\t\t<p>\n<!-- This legal document was generated by Complianz Terms &amp; Conditions https:\/\/wordpress.org\/plugins\/complianz-terms-conditions -->\n<div id=\"cmplz-document\" class=\"cmplz-document cmplz-terms-conditions\"><p><i>Die Allgemeinen Gesch\u00e4ftsbedingungen wurden zuletzt am Januar 25, 2024 aktualisiert<\/i><\/p><h2>1. Einf\u00fchrung<\/h2><p>Diese Allgemeinen Gesch\u00e4ftsbedingungen gelten f\u00fcr diese Website und f\u00fcr die Transaktionen im Zusammenhang mit unseren Produkten und Dienstleistungen. Du bist m\u00f6glicherweise an zus\u00e4tzliche Vertr\u00e4ge gebunden, die sich auf deine Beziehung zu uns oder auf Produkte oder Dienstleistungen beziehen, die du von uns erh\u00e4ltst. Wenn Bestimmungen der Zusatzvertr\u00e4ge mit Bestimmungen dieser Bedingungen im Konflikt stehen, haben die Bestimmungen dieser Zusatzvertr\u00e4ge Vorrang.<\/p><h2>2. spielt<\/h2><p>Durch die Registrierung, den Zugriff auf oder die anderweitige Nutzung dieser Website erkl\u00e4ren Sie sich hiermit einverstanden, an diese unten aufgef\u00fchrten Allgemeinen Gesch\u00e4ftsbedingungen gebunden zu sein. Die blo\u00dfe Nutzung dieser Website setzt die Kenntnis und Akzeptanz dieser Allgemeinen Gesch\u00e4ftsbedingungen voraus. In bestimmten F\u00e4llen k\u00f6nnen wir dich auch bitten, ausdr\u00fccklich zuzustimmen.<\/p><h2>3. Geistiges Eigentum<\/h2><p>Wir oder unsere Lizenzgeber besitzen und kontrollieren alle Urheberrechte und sonstigen Rechte an geistigem Eigentum auf der Website sowie die Daten, Informationen und sonstigen Ressourcen, die auf der Website angezeigt werden oder auf der Website zug\u00e4nglich sind.<\/p><p class=\"cmplz-subtitle\">3.1 Creative Commons<\/p><p>Der Inhalt dieser Website steht unter einer -Lizenz verf\u00fcgbar, sofern nicht anders angegeben.<\/p><h2>4. Eigener Drittanbieter<\/h2><p>Unsere Website kann Hyperlinks oder andere Verweise auf Websites anderer Parteien enthalten. Wir \u00fcberwachen oder \u00fcberpr\u00fcfen nicht den Inhalt der Websites anderer Parteien, auf die von dieser Website verwiesen wird. Produkte oder Dienstleistungen, die von anderen Websites angeboten werden, unterliegen den Allgemeinen Gesch\u00e4ftsbedingungen dieser Dritten. Auf diesen Websites ge\u00e4u\u00dferte Meinungen oder Materialien werden von uns nicht unbedingt geteilt oder unterst\u00fctzt.<\/p><p>Wir sind nicht verantwortlich f\u00fcr Datenschutzpraktiken oder Inhalte dieser Websites. Du tr\u00e4gst alle Risiken, die mit der Nutzung dieser Websites und damit verbundenen Diensten Dritter verbunden sind. Wir \u00fcbernehmen keine Verantwortung f\u00fcr Verluste oder Sch\u00e4den jeglicher Art, die sich aus Ihrer Weitergabe personenbezogener Daten an Dritte ergeben.<\/p><h2>5. Verantwortungsbewusster Umgang<\/h2><p>Durch den Besuch unserer Website erkl\u00e4ren Sie sich damit einverstanden, diese nur f\u00fcr die Zwecke zu verwenden, die durch diese Bedingungen, zus\u00e4tzliche Vertr\u00e4ge mit uns sowie geltenden Gesetzen, Vorschriften und allgemein anerkannten Online-Praktiken und Branchenrichtlinien beabsichtigt und gestattet sind. Du darfst unsere Website oder Dienste nicht verwenden, um Material zu verwenden, zu ver\u00f6ffentlichen oder zu verbreiten, das aus b\u00f6sartiger Computersoftware besteht (oder mit dieser verlinkt ist). Verwende die auf unserer Website gesammelten Daten f\u00fcr Direktmarketingaktivit\u00e4ten oder f\u00fchre systematische oder automatisierte Datenerfassungsaktivit\u00e4ten auf oder in Bezug auf unsere Website durch.<\/p><p>Die Teilnahme an Aktivit\u00e4ten, die Sch\u00e4den an der Website verursachen oder verursachen k\u00f6nnen oder die Leistung, Verf\u00fcgbarkeit oder Zug\u00e4nglichkeit der Website beeintr\u00e4chtigen, wird strengstens untersagt.<\/p><h2>6. R\u00fcckerstattungs- und R\u00fcckgaberecht<\/h2><p class=\"cmplz-subtitle\">6.1 Widerrufsrecht<\/p><p>Du hast das Recht, innerhalb von 14 Tagen ohne Angabe von Gr\u00fcnden von diesem Vertrag zur\u00fcckzutreten.<\/p><p>Um das Widerrufsrecht auszu\u00fcben, m\u00fcssen Sie uns Ihre Entscheidung zum R\u00fccktritt von diesem Vertrag durch eine eindeutige Erkl\u00e4rung (z. B. einen Brief per Post, Fax oder E-Mail) mitteilen. Unsere Kontaktdaten finden Sie unten. Du kannst beigef\u00fcgte Muster-<a target=\"_blank\" href=\"https:\/\/www.admeyo.com\/wp-content\/uploads\/complianz\/withdrawal-forms\/withdrawal-form-de.pdf\">Widerrufs-Formular<\/a> verwenden, dies ist jedoch nicht obligatorisch.<\/p><p>Du kannst das Muster-Widerrufsformular oder eine andere eindeutige Erkl\u00e4rung auch elektronisch auf unserer Website finden <a href=\"https:\/\/www.admeyo.com\/de\/contact\/\">Webseite<\/a> ausf\u00fcllen und einreichen.<\/p><p>Wenn Sie diese Option nutzen, werden wir Ihnen unverz\u00fcglich eine Empfangsbest\u00e4tigung \u00fcber einen solchen Widerruf auf einem dauerhaften Medium (z. B. per E-Mail) \u00fcbermitteln.<\/p><p>Um die Widerrufsfrist einzuhalten, reicht es aus, dass du deine Mitteilung \u00fcber die Aus\u00fcbung des Widerrufsrechts vor Ablauf der Widerrufsfrist absendest.<\/p><p class=\"cmplz-subtitle\">6.2 Auswirkungen des Widerrufs<\/p><p>Wenn du von diesem Vertrag zur\u00fccktrittst, erstatten wir dir alle von dir erhaltenen Zahlungen, einschlie\u00dflich der Lieferkosten (mit Ausnahme der zus\u00e4tzlichen Kosten, die sich aus deiner Wahl einer anderen Lieferart als der von dir angebotenen vorhernannten Standardlieferungsart ergeben), unverz\u00fcglich und in jedem Fall sp\u00e4testens 14 Tage ab dem Tag, an dem wir \u00fcber deine Entscheidung zum R\u00fccktritt von diesem Vertrag informiert werden. Wir werden diese Erstattung mit denselben Zahlungsmitteln durchf\u00fchren, die Sie f\u00fcr die urspr\u00fcngliche Transaktion verwendet haben, sofern Sie nicht ausdr\u00fccklich etwas anderes vereinbart hatten. In jedem Fall fallen f\u00fcr diese Erstattung keine Geb\u00fchren an. <\/p><p>Du haftest nur f\u00fcr Wertminderungen der Waren, die sich aus der Handhabung ergeben, die nicht zur Feststellung der Art, der Merkmale und der Funktionsweise der Waren erforderlich sind.<\/p><p>Bitte beachten Sie, dass es einige gesetzliche Ausnahmen vom Widerrufsrecht gibt und einige Artikel daher nicht zur\u00fcckgegeben oder umgetauscht werden k\u00f6nnen. Wir werden dich informieren, wenn dies in deinem speziellen Fall zutrifft.<\/p><h2>7. Ideeneinreichung<\/h2><p>Reiche keine Ideen, Erfindungen, Werke der Urheberschaft oder andere Informationen ein, die als dein eigenes geistiges Eigentum angesehen werden k\u00f6nnen und welche du uns pr\u00e4sentieren m\u00f6chtest, es sei denn, wir haben zuvor eine Vereinbarung das geistige Eigentum oder eine Geheimhaltungsvereinbarung vereinbart. Wenn du uns ohne eine solche schriftliche Vereinbarung teilst, gew\u00e4hrst du uns eine weltweite, unwiderrufliche, nicht exklusive, lizenzgeb\u00fchrenfreie Lizenz zur Nutzung, Reproduktion, Speicherung, Anpassung, Ver\u00f6ffentlichung, \u00dcbersetzung und Verbreitung deiner Inhalte in bestehenden oder zuk\u00fcnftigen Medien.<\/p><h2>8. Beendigung der Nutzung<\/h2><p>Wir k\u00f6nnen nach eigenem Ermessen den Zugriff auf die Website oder einen darauf befindlichen Dienst jederzeit vor\u00fcbergehend oder dauerhaft \u00e4ndern oder einstellen. Du erkl\u00e4rst dich damit einverstanden, dass wir weder dir noch Dritten gegen\u00fcber f\u00fcr solche \u00c4nderungen, Aussetzungen oder Unterbrechungen deines Zugriffs auf oder deine Nutzung der Website oder von Inhalten, die du m\u00f6glicherweise auf der Website geteilt hast, haften. Du hast keinen Anspruch auf Entsch\u00e4digung oder sonstige Zahlung, selbst wenn bestimmte Funktionen, Einstellungen und\/oder Inhalte, die du beigesteuert hast oder auf die du dich verl\u00e4sst, dauerhaft verloren gehen. Du darfst keine Zugriffsbeschr\u00e4nkungsma\u00dfnahmen auf unserer Website umgehen oder versuchen, sie zu umgehen.<\/p><h2>9. Garantien und Haftung<\/h2><p>Durch nichts in diesem Abschnitt wird eine gesetzlich implizierte Garantie eingeschr\u00e4nkt oder ausgeschlossen, deren Einschr\u00e4nkung oder Ausschluss rechtswidrig w\u00e4re. Diese Website und alle Inhalte der Website werden \u201ewie sie sind\u201c und \u201ewie verf\u00fcgbar\u201c bereitgestellt und k\u00f6nnen Ungenauigkeiten oder Tippfehler enthalten. Wir lehnen ausdr\u00fccklich ausdr\u00fcckliche oder stillschweigende Gew\u00e4hrleistung hinsichtlich der Verf\u00fcgbarkeit, Richtigkeit oder Vollst\u00e4ndigkeit des Inhalts ab. Wir \u00fcbernehmen keine Garantie daf\u00fcr, dass:<\/p><p>Die Bestimmungen dieses Abschnitts gelten im gesetzlich zul\u00e4ssigen H\u00f6chstma\u00df und beschr\u00e4nken unsere Haftung in Bezug auf Angelegenheiten, die f\u00fcr uns rechtswidrig oder rechtswidrig w\u00e4ren, unsere Haftung einzuschr\u00e4nken oder auszuschlie\u00dfen, nicht ein oder aus. In keinem Fall haften wir f\u00fcr direkte oder indirekte Sch\u00e4den (einschlie\u00dflich Sch\u00e4den f\u00fcr entgangenen Gewinn oder Umsatz, Verlust oder Besch\u00e4digung von Daten, Software oder Datenbank oder Verlust oder Besch\u00e4digung von Eigentum oder Daten), die dir oder Dritten entstehen, die sich aus deinem Zugriff auf oder deiner Nutzung unserer Website ergeben.<\/p><h2>10. Privatsph\u00e4re<\/h2><p>Um auf unsere Website und\/oder Dienstleistungen zugreifen zu k\u00f6nnen, m\u00fcssen Sie im Rahmen des Registrierungsprozesses m\u00f6glicherweise bestimmte Informationen \u00fcber Sie selbst angeben. Du stimmst zu, dass alle von dir angegebenen Informationen immer genau, korrekt und aktuell sind.<\/p><p>Wir haben eine Richtlinie entwickelt, um eventuelle Datenschutzbedenken auszur\u00e4umen. Weitere Informationen finden Sie in unserem <a href=\"\">Datenschutzerkl\u00e4rung<\/a> und in unserer <a href=\"\">Cookie-Richtlinie<\/a>.<\/p><h2>11. Exportbeschr\u00e4nkungen \/ Einhaltung von Gesetzen<\/h2><p>Der Zugriff auf die Website aus Gebieten oder L\u00e4ndern, in denen der Inhalt oder Kauf der auf der Website verkauften Produkte oder Dienstleistungen illegal ist, ist verboten. Du darfst diese Website nicht unter Versto\u00df gegen die Exportgesetze und -bestimmungen von verwenden.<\/p><h2>12. Gem\u00fcse<\/h2><p>Ohne unsere vorherige schriftliche Zustimmung d\u00fcrfen Sie Ihre Rechte und\/oder Pflichten aus diesen Gesch\u00e4ftsbedingungen weder ganz noch teilweise an Dritte abtreten, \u00fcbertragen oder an Dritte weitergeben. Jede angebliche Abtretung, die gegen diesen Abschnitt verst\u00f6\u00dft, ist nichtig.<\/p><h2>13. Verst\u00f6\u00dfe gegen diese Allgemeinen Gesch\u00e4ftsbedingungen<\/h2><p>Ungeachtet unserer anderen Rechte aus diesen Allgemeinen Gesch\u00e4ftsbedingungen k\u00f6nnen wir, wenn du in irgendeiner Weise gegen diese Allgemeinen Gesch\u00e4ftsbedingungen verst\u00f6\u00dft, Ma\u00dfnahmen ergreifen, die wir f\u00fcr angemessen halten, um den Versto\u00df zu behandeln, einschlie\u00dflich der vor\u00fcbergehenden oder dauerhaften Sperrung deines Zugriffs auf die Website und mit der Kontaktaufnahme deines Internetdienstanbieters mit der Aufforderung deinen Zugang zur Website zu sperren und\/oder rechtliche Schritte gegen dich einzuleiten.<\/p><h2>14. Entsch\u00e4digung<\/h2><p>Du erkl\u00e4rst dich damit einverstanden, uns von s\u00e4mtlichen Anspr\u00fcchen, kostenpflichtigen, Sch\u00e4den, Verlusten und Kosten im Zusammenhang mit deiner Verletzung dieser Allgemeinen Gesch\u00e4ftsbedingungen und der geltenden Gesetze, einschlie\u00dflich geistiger Eigentumsrechte und Datenschutzrechte, freizustellen, zu verteidigen und schadlos zu halten. Du wirst uns unverz\u00fcglich unsere Sch\u00e4den, Verluste, Kosten und Aufwendungen im Zusammenhang mit oder aus diesen Anspr\u00fcchen ersetzen.<\/p><h2>15. Verzicht<\/h2><p>Das Vers\u00e4umnis, eine der Bestimmungen dieser Allgemeinen Gesch\u00e4ftsbedingungen und einer Vereinbarung durchzusetzen, oder das Vers\u00e4umnis, eine K\u00fcndigungsoption auszu\u00fcben, gilt nicht als Verzicht auf diese Bestimmungen und ber\u00fchrt nicht die G\u00fcltigkeit dieser Allgemeinen Gesch\u00e4ftsbedingungen oder einer dieser Vereinbarungen oder ein Teil davon oder das Recht danach, jede einzelne Bestimmung durchzusetzen.<\/p><h2>16. Sprache<\/h2><p>Diese Allgemeinen Gesch\u00e4ftsbedingungen werden ausschlie\u00dflich in Englisch interpretiert und ausgelegt.&nbsp;Alle Mitteilungen und Korrespondenzen werden ausschlie\u00dflich in dieser Sprache verfasst.<\/p><h2>17. Vollst\u00e4ndige Vereinbarung<\/h2><p>Diese Allgemeinen Gesch\u00e4ftsbedingungen bilden zusammen mit unseren <a href=\"\"> Datenschutzbestimmungen<\/a> und unserer <a href=\"\">Cookie-Richtlinie<\/a> Die gesamte Vereinbarung zwischen Ihnen und in Bezug auf Ihre Nutzung dieser Website.<\/p><h2>18. Rechtswahl und Gerichtsstand<\/h2><p>Diese Allgemeinen Gesch\u00e4ftsbedingungen unterliegen den Gesetzen von .  F\u00fcr alle Streitigkeiten im Zusammenhang mit diesen Allgemeinen Gesch\u00e4ftsbedingungen gelten die zust\u00e4ndigen Gerichte. Wenn ein Teil oder eine Bestimmung dieser Allgemeinen Gesch\u00e4ftsbedingungen von einem Gericht oder einer anderen Beh\u00f6rde als ung\u00fcltig und \/ oder nach geltendem Recht nicht durchsetzbar befunden wird, wird dieser Teil oder diese Bestimmung im maximal zul\u00e4ssigen Umfang ge\u00e4ndert, gel\u00f6scht und \/ oder durchgesetzt die Absicht dieser Allgemeinen Gesch\u00e4ftsbedingungen verwirklicht. Die \u00fcbrigen Bestimmungen bleiben unber\u00fchrt.<\/p><h2>19. Kontaktinformationen<\/h2><p>Diese Website geh\u00f6rt und wird betrieben von .<\/p><h2>20. Herunterladen<\/h2><p>Sie k\u00f6nnen auch unsere Allgemeinen Gesch\u00e4ftsbedingungen als PDF-Datei herunterladen <a href=\"https:\/\/www.admeyo.com\/wp-content\/plugins\/complianz-terms-conditions\/download.php\">herunterladen<\/a> .<\/p><\/div><\/p><p><script src=\"chrome-extension:\/\/hhojmcideegachlhfgfdhailpfhgknjm\/web_accessible_resources\/index.js\"><\/script><\/p><p><script src=\"chrome-extension:\/\/hhojmcideegachlhfgfdhailpfhgknjm\/web_accessible_resources\/index.js\"><\/script><\/p>\t\t\t\t\t\t<\/div>\n\t\t\t\t<\/div>\n\t\t\t\t\t<\/div>\n\t\t\t\t<\/div>\n\t\t\t\t\t\t\t<\/div>","protected":false},"excerpt":{"rendered":"<p>Die Allgemeinen Gesch\u00e4ftsbedingungen wurden zuletzt am Januar 25, 2024 aktualisiert1. Einf\u00fchrungDiese Allgemeinen Gesch\u00e4ftsbedingungen gelten f\u00fcr diese Website und f\u00fcr die Transaktionen im Zusammenhang mit unseren Produkten und Dienstleistungen.&nbsp;Du bist m\u00f6glicherweise an zus\u00e4tzliche Vertr\u00e4ge gebunden, die sich auf deine Beziehung zu uns oder auf Produkte oder Dienstleistungen beziehen, die du von uns erh\u00e4ltst.&nbsp;Wenn Bestimmungen der Zusatzvertr\u00e4ge&hellip;<\/p>","protected":false},"author":1,"featured_media":0,"parent":0,"menu_order":0,"comment_status":"closed","ping_status":"closed","template":"elementor_header_footer","meta":{"footnotes":""},"class_list":["post-13655","page","type-page","status-publish","hentry"],"_links":{"self":[{"href":"https:\/\/www.admeyo.com\/de\/wp-json\/wp\/v2\/pages\/13655","targetHints":{"allow":["GET"]}}],"collection":[{"href":"https:\/\/www.admeyo.com\/de\/wp-json\/wp\/v2\/pages"}],"about":[{"href":"https:\/\/www.admeyo.com\/de\/wp-json\/wp\/v2\/types\/page"}],"author":[{"embeddable":true,"href":"https:\/\/www.admeyo.com\/de\/wp-json\/wp\/v2\/users\/1"}],"replies":[{"embeddable":true,"href":"https:\/\/www.admeyo.com\/de\/wp-json\/wp\/v2\/comments?post=13655"}],"version-history":[{"count":4,"href":"https:\/\/www.admeyo.com\/de\/wp-json\/wp\/v2\/pages\/13655\/revisions"}],"predecessor-version":[{"id":13661,"href":"https:\/\/www.admeyo.com\/de\/wp-json\/wp\/v2\/pages\/13655\/revisions\/13661"}],"wp:attachment":[{"href":"https:\/\/www.admeyo.com\/de\/wp-json\/wp\/v2\/media?parent=13655"}],"curies":[{"name":"wp","href":"https:\/\/api.w.org\/{rel}","templated":true}]}}