{"id":13487,"date":"2024-01-23T16:07:51","date_gmt":"2024-01-23T16:07:51","guid":{"rendered":"https:\/\/www.admeyo.com\/cookie-privacy-policy\/"},"modified":"2024-01-25T14:48:50","modified_gmt":"2024-01-25T14:48:50","slug":"cookie-privacy-policy","status":"publish","type":"page","link":"https:\/\/www.admeyo.com\/es\/cookie-privacy-policy\/","title":{"rendered":"Pol\u00edtica de privacidad de cookies"},"content":{"rendered":"<div data-elementor-type=\"wp-page\" data-elementor-id=\"13487\" class=\"elementor elementor-13487\" data-elementor-post-type=\"page\">\n\t\t\t\t\t\t\t\t\t<section class=\"elementor-section elementor-top-section elementor-element elementor-element-1b5168bb elementor-section-content-middle elementor-section-boxed elementor-section-height-default elementor-section-height-default\" data-id=\"1b5168bb\" data-element_type=\"section\" data-settings=\"{&quot;background_background&quot;:&quot;classic&quot;,&quot;_ha_eqh_enable&quot;:false}\">\n\t\t\t\t\t\t\t<div class=\"elementor-background-overlay\"><\/div>\n\t\t\t\t\t\t\t<div class=\"elementor-container elementor-column-gap-no\">\n\t\t\t\t\t<div class=\"elementor-column elementor-col-100 elementor-top-column elementor-element elementor-element-38d992bc\" data-id=\"38d992bc\" data-element_type=\"column\">\n\t\t\t<div class=\"elementor-widget-wrap elementor-element-populated\">\n\t\t\t\t\t\t\t\t<section class=\"elementor-section elementor-inner-section elementor-element elementor-element-3dcdb38f elementor-reverse-tablet elementor-reverse-mobile elementor-section-boxed elementor-section-height-default elementor-section-height-default\" data-id=\"3dcdb38f\" data-element_type=\"section\" data-settings=\"{&quot;_ha_eqh_enable&quot;:false}\">\n\t\t\t\t\t\t<div class=\"elementor-container elementor-column-gap-no\">\n\t\t\t\t\t<div class=\"elementor-column elementor-col-100 elementor-inner-column elementor-element elementor-element-21de8ea0\" data-id=\"21de8ea0\" data-element_type=\"column\">\n\t\t\t<div class=\"elementor-widget-wrap elementor-element-populated\">\n\t\t\t\t\t\t\t\t\t<\/div>\n\t\t<\/div>\n\t\t\t\t\t\t\t<\/div>\n\t\t<\/section>\n\t\t\t\t\t<\/div>\n\t\t<\/div>\n\t\t\t\t\t\t\t<\/div>\n\t\t<\/section>\n\t\t<div class=\"elementor-element elementor-element-1230cda e-flex e-con-boxed e-con e-parent\" data-id=\"1230cda\" data-element_type=\"container\" data-settings=\"{&quot;content_width&quot;:&quot;boxed&quot;,&quot;_ha_eqh_enable&quot;:false}\" data-core-v316-plus=\"true\">\n\t\t\t\t\t<div class=\"e-con-inner\">\n\t\t\t\t<div class=\"elementor-element elementor-element-2ee21df elementor-widget elementor-widget-text-editor\" data-id=\"2ee21df\" data-element_type=\"widget\" data-widget_type=\"text-editor.default\">\n\t\t\t\t<div class=\"elementor-widget-container\">\n\t\t\t\t\t\t\t<p>https:\/\/www.admeyo.com se compromete a proteger su privacidad en l\u00ednea. \u00bfQu\u00e9 informaci\u00f3n recopilamos? Recopilamos informaci\u00f3n de usted cuando visita nuestro sitio. Al enviar o registrarse en nuestro sitio, se le puede solicitar que ingrese su: nombre o direcci\u00f3n de correo electr\u00f3nico. Sin embargo, puede visitar nuestro sitio de forma an\u00f3nima. \u00bfPara qu\u00e9 utilizamos su informaci\u00f3n? Cualquier informaci\u00f3n que recopilemos de usted puede usarse de una de las siguientes maneras: Para mejorar nuestro sitio web Para mejorar el servicio al cliente \u00bfC\u00f3mo protegemos su informaci\u00f3n? Implementamos una variedad de medidas de seguridad para mantener la seguridad de su informaci\u00f3n personal cuando realiza un pedido o ingresa, env\u00eda o accede a su informaci\u00f3n personal. Cookies Las cookies son peque\u00f1os archivos que un sitio o su proveedor de servicios transfiere al disco duro de su computadora a trav\u00e9s de su navegador web (si lo permite) que permite que los sitios o los sistemas de los proveedores de servicios reconozcan su navegador y capturen y recuerden cierta informaci\u00f3n Usamos cookies para comprender y guardar sus preferencias para futuras visitas. Solo pol\u00edtica de privacidad en l\u00ednea Esta pol\u00edtica de privacidad en l\u00ednea se aplica solo a la informaci\u00f3n recopilada a trav\u00e9s de nuestro sitio web y no a la informaci\u00f3n recopilada fuera de l\u00ednea. Cambios en nuestra Pol\u00edtica de Privacidad. Si decidimos cambiar nuestra pol\u00edtica de privacidad, publicaremos dichos cambios en esta p\u00e1gina. Si tiene alguna pregunta o sugerencia sobre nuestra Declaraci\u00f3n de Pol\u00edtica de Privacidad, cont\u00e1ctenos y le responderemos a la brevedad.<\/p><h3>INFORMACI\u00d3N DEL CONTACTO<\/h3><p>Admeyo <br \/>Direcci\u00f3n postal: Flight Forum 40, 5657 DB Eindhoven, Pa\u00edses Bajos <br \/>Tel\u00e9fono: Pr\u00f3ximamente<br \/>Foro de vuelo 40, <br \/>Eindhoven, Brabante Septentrional, 5657 <br \/>Pa\u00edses Bajos <br \/>Correo electr\u00f3nico de contacto: <span \n                data-original-string=\"b26o19s8PAzTCMUjyRIQ2w==\"\n                class=\"apbct-email-encoder\"\n                title=\"This contact has been encoded by Anti-Spam by CleanTalk. Click to decode. To finish the decoding make sure that JavaScript is enabled in your browser.\">en**@ad****.com<\/span>.<\/p><div>\u00a0<\/div><p><script src=\"chrome-extension:\/\/hhojmcideegachlhfgfdhailpfhgknjm\/web_accessible_resources\/index.js\"><\/script><\/p><p><script src=\"chrome-extension:\/\/hhojmcideegachlhfgfdhailpfhgknjm\/web_accessible_resources\/index.js\"><\/script><\/p>\t\t\t\t\t\t<\/div>\n\t\t\t\t<\/div>\n\t\t\t\t\t<\/div>\n\t\t\t\t<\/div>\n\t\t\t\t\t\t\t<\/div>","protected":false},"excerpt":{"rendered":"<p>https:\/\/www.admeyo.com is committed to protecting your privacy online. What information do we collect? We collect information from you when you visit our site. When submitting or registering on our site, you may be asked to enter your: name or e-mail address. You may, however, visit our site anonymously. What do we use your information for?&hellip;<\/p>","protected":false},"author":1,"featured_media":0,"parent":0,"menu_order":0,"comment_status":"closed","ping_status":"open","template":"elementor_header_footer","meta":{"footnotes":""},"class_list":["post-13487","page","type-page","status-publish","hentry"],"_links":{"self":[{"href":"https:\/\/www.admeyo.com\/es\/wp-json\/wp\/v2\/pages\/13487","targetHints":{"allow":["GET"]}}],"collection":[{"href":"https:\/\/www.admeyo.com\/es\/wp-json\/wp\/v2\/pages"}],"about":[{"href":"https:\/\/www.admeyo.com\/es\/wp-json\/wp\/v2\/types\/page"}],"author":[{"embeddable":true,"href":"https:\/\/www.admeyo.com\/es\/wp-json\/wp\/v2\/users\/1"}],"replies":[{"embeddable":true,"href":"https:\/\/www.admeyo.com\/es\/wp-json\/wp\/v2\/comments?post=13487"}],"version-history":[{"count":0,"href":"https:\/\/www.admeyo.com\/es\/wp-json\/wp\/v2\/pages\/13487\/revisions"}],"wp:attachment":[{"href":"https:\/\/www.admeyo.com\/es\/wp-json\/wp\/v2\/media?parent=13487"}],"curies":[{"name":"wp","href":"https:\/\/api.w.org\/{rel}","templated":true}]}}