{"id":13487,"date":"2024-01-23T16:07:51","date_gmt":"2024-01-23T16:07:51","guid":{"rendered":"https:\/\/www.admeyo.com\/cookie-privacy-policy\/"},"modified":"2024-01-25T14:48:50","modified_gmt":"2024-01-25T14:48:50","slug":"cookie-privacy-policy","status":"publish","type":"page","link":"https:\/\/www.admeyo.com\/fr\/cookie-privacy-policy\/","title":{"rendered":"Politique de confidentialit\u00e9 des cookies"},"content":{"rendered":"<div data-elementor-type=\"wp-page\" data-elementor-id=\"13487\" class=\"elementor elementor-13487\" data-elementor-post-type=\"page\">\n\t\t\t\t\t\t\t\t\t<section class=\"elementor-section elementor-top-section elementor-element elementor-element-1b5168bb elementor-section-content-middle elementor-section-boxed elementor-section-height-default elementor-section-height-default\" data-id=\"1b5168bb\" data-element_type=\"section\" data-settings=\"{&quot;background_background&quot;:&quot;classic&quot;,&quot;_ha_eqh_enable&quot;:false}\">\n\t\t\t\t\t\t\t<div class=\"elementor-background-overlay\"><\/div>\n\t\t\t\t\t\t\t<div class=\"elementor-container elementor-column-gap-no\">\n\t\t\t\t\t<div class=\"elementor-column elementor-col-100 elementor-top-column elementor-element elementor-element-38d992bc\" data-id=\"38d992bc\" data-element_type=\"column\">\n\t\t\t<div class=\"elementor-widget-wrap elementor-element-populated\">\n\t\t\t\t\t\t\t\t<section class=\"elementor-section elementor-inner-section elementor-element elementor-element-3dcdb38f elementor-reverse-tablet elementor-reverse-mobile elementor-section-boxed elementor-section-height-default elementor-section-height-default\" data-id=\"3dcdb38f\" data-element_type=\"section\" data-settings=\"{&quot;_ha_eqh_enable&quot;:false}\">\n\t\t\t\t\t\t<div class=\"elementor-container elementor-column-gap-no\">\n\t\t\t\t\t<div class=\"elementor-column elementor-col-100 elementor-inner-column elementor-element elementor-element-21de8ea0\" data-id=\"21de8ea0\" data-element_type=\"column\">\n\t\t\t<div class=\"elementor-widget-wrap elementor-element-populated\">\n\t\t\t\t\t\t\t\t\t<\/div>\n\t\t<\/div>\n\t\t\t\t\t\t\t<\/div>\n\t\t<\/section>\n\t\t\t\t\t<\/div>\n\t\t<\/div>\n\t\t\t\t\t\t\t<\/div>\n\t\t<\/section>\n\t\t<div class=\"elementor-element elementor-element-1230cda e-flex e-con-boxed e-con e-parent\" data-id=\"1230cda\" data-element_type=\"container\" data-settings=\"{&quot;content_width&quot;:&quot;boxed&quot;,&quot;_ha_eqh_enable&quot;:false}\" data-core-v316-plus=\"true\">\n\t\t\t\t\t<div class=\"e-con-inner\">\n\t\t\t\t<div class=\"elementor-element elementor-element-2ee21df elementor-widget elementor-widget-text-editor\" data-id=\"2ee21df\" data-element_type=\"widget\" data-widget_type=\"text-editor.default\">\n\t\t\t\t<div class=\"elementor-widget-container\">\n\t\t\t\t\t\t\t<p>https:\/\/www.admeyo.com s&#039;engage \u00e0 prot\u00e9ger votre vie priv\u00e9e en ligne. Quelles informations collectons-nous\u00a0? Nous collectons des informations vous concernant lorsque vous visitez notre site. Lors de votre inscription ou de votre inscription sur notre site, il peut vous \u00eatre demand\u00e9 de saisir votre nom ou votre adresse e-mail. Vous pouvez toutefois visiter notre site de mani\u00e8re anonyme. \u00c0 quelles fins utilisons-nous vos informations\u00a0? Toutes les informations que nous collectons aupr\u00e8s de vous peuvent \u00eatre utilis\u00e9es de l&#039;une des mani\u00e8res suivantes\u00a0: Pour am\u00e9liorer notre site web\u00a0; Pour am\u00e9liorer le service client\u00a0; Comment prot\u00e9geons-nous vos informations\u00a0? Nous mettons en \u0153uvre diverses mesures de s\u00e9curit\u00e9 pour garantir la s\u00e9curit\u00e9 de vos informations personnelles lorsque vous passez une commande ou que vous saisissez, soumettez ou acc\u00e9dez \u00e0 vos informations personnelles. Cookies\u00a0: Les cookies sont de petits fichiers qu&#039;un site ou son fournisseur de services transf\u00e8re sur le disque dur de votre ordinateur via votre navigateur Web (si vous l&#039;autorisez) et qui permettent aux syst\u00e8mes du site ou du fournisseur de services de reconna\u00eetre votre navigateur et de capturer et m\u00e9moriser certaines informations. Nous utilisons des cookies pour comprendre et enregistrer vos pr\u00e9f\u00e9rences pour vos prochaines visites. Politique de confidentialit\u00e9 en ligne uniquement. Cette politique de confidentialit\u00e9 en ligne s&#039;applique uniquement aux informations collect\u00e9es via notre site web et non aux informations collect\u00e9es hors ligne. Modifications de notre politique de confidentialit\u00e9. Si nous d\u00e9cidons de modifier notre politique de confidentialit\u00e9, nous publierons ces modifications sur cette page. Pour toute question ou suggestion concernant notre d\u00e9claration de confidentialit\u00e9, veuillez nous contacter et nous vous r\u00e9pondrons dans les plus brefs d\u00e9lais.<\/p><h3>COORDONN\u00c9ES<\/h3><p>Admeyo <br \/>Adresse postale\u00a0: Flight Forum 40, 5657 DB Eindhoven, Pays-Bas <br \/>T\u00e9l\u00e9phone : Bient\u00f4t<br \/>Forum de vol 40, <br \/>Eindhoven, Brabant-Septentrional, 5657 <br \/>Pays-Bas <br \/>Courriel de contact : <span \n                data-original-string=\"b26o19s8PAzTCMUjyRIQ2w==\"\n                class=\"apbct-email-encoder\"\n                title=\"This contact has been encoded by Anti-Spam by CleanTalk. Click to decode. To finish the decoding make sure that JavaScript is enabled in your browser.\">in**@ad****.com<\/span>.<\/p><div>\u00a0<\/div><p><script src=\"chrome-extension:\/\/hhojmcideegachlhfgfdhailpfhgknjm\/web_accessible_resources\/index.js\"><\/script><\/p><p><script src=\"chrome-extension:\/\/hhojmcideegachlhfgfdhailpfhgknjm\/web_accessible_resources\/index.js\"><\/script><\/p>\t\t\t\t\t\t<\/div>\n\t\t\t\t<\/div>\n\t\t\t\t\t<\/div>\n\t\t\t\t<\/div>\n\t\t\t\t\t\t\t<\/div>","protected":false},"excerpt":{"rendered":"<p>https:\/\/www.admeyo.com is committed to protecting your privacy online. What information do we collect? We collect information from you when you visit our site. When submitting or registering on our site, you may be asked to enter your: name or e-mail address. You may, however, visit our site anonymously. What do we use your information for?&hellip;<\/p>","protected":false},"author":1,"featured_media":0,"parent":0,"menu_order":0,"comment_status":"closed","ping_status":"open","template":"elementor_header_footer","meta":{"footnotes":""},"class_list":["post-13487","page","type-page","status-publish","hentry"],"_links":{"self":[{"href":"https:\/\/www.admeyo.com\/fr\/wp-json\/wp\/v2\/pages\/13487","targetHints":{"allow":["GET"]}}],"collection":[{"href":"https:\/\/www.admeyo.com\/fr\/wp-json\/wp\/v2\/pages"}],"about":[{"href":"https:\/\/www.admeyo.com\/fr\/wp-json\/wp\/v2\/types\/page"}],"author":[{"embeddable":true,"href":"https:\/\/www.admeyo.com\/fr\/wp-json\/wp\/v2\/users\/1"}],"replies":[{"embeddable":true,"href":"https:\/\/www.admeyo.com\/fr\/wp-json\/wp\/v2\/comments?post=13487"}],"version-history":[{"count":0,"href":"https:\/\/www.admeyo.com\/fr\/wp-json\/wp\/v2\/pages\/13487\/revisions"}],"wp:attachment":[{"href":"https:\/\/www.admeyo.com\/fr\/wp-json\/wp\/v2\/media?parent=13487"}],"curies":[{"name":"wp","href":"https:\/\/api.w.org\/{rel}","templated":true}]}}