{"id":13489,"date":"2024-01-23T16:09:05","date_gmt":"2024-01-23T16:09:05","guid":{"rendered":"https:\/\/www.admeyo.com\/dmca\/"},"modified":"2024-01-25T14:44:27","modified_gmt":"2024-01-25T14:44:27","slug":"dmca","status":"publish","type":"page","link":"https:\/\/www.admeyo.com\/fr\/dmca\/","title":{"rendered":"DMCA"},"content":{"rendered":"<div data-elementor-type=\"wp-page\" data-elementor-id=\"13489\" class=\"elementor elementor-13489\" data-elementor-post-type=\"page\">\n\t\t\t\t\t\t\t\t\t<section class=\"elementor-section elementor-top-section elementor-element elementor-element-7043c0d4 elementor-section-content-middle elementor-section-boxed elementor-section-height-default elementor-section-height-default\" data-id=\"7043c0d4\" data-element_type=\"section\" data-settings=\"{&quot;background_background&quot;:&quot;classic&quot;,&quot;_ha_eqh_enable&quot;:false}\">\n\t\t\t\t\t\t\t<div class=\"elementor-background-overlay\"><\/div>\n\t\t\t\t\t\t\t<div class=\"elementor-container elementor-column-gap-no\">\n\t\t\t\t\t<div class=\"elementor-column elementor-col-100 elementor-top-column elementor-element elementor-element-2993a5b6\" data-id=\"2993a5b6\" data-element_type=\"column\">\n\t\t\t<div class=\"elementor-widget-wrap elementor-element-populated\">\n\t\t\t\t\t\t\t\t<section class=\"elementor-section elementor-inner-section elementor-element elementor-element-480ebce5 elementor-reverse-tablet elementor-reverse-mobile elementor-section-boxed elementor-section-height-default elementor-section-height-default\" data-id=\"480ebce5\" data-element_type=\"section\" data-settings=\"{&quot;_ha_eqh_enable&quot;:false}\">\n\t\t\t\t\t\t<div class=\"elementor-container elementor-column-gap-no\">\n\t\t\t\t\t<div class=\"elementor-column elementor-col-100 elementor-inner-column elementor-element elementor-element-14a2035f\" data-id=\"14a2035f\" data-element_type=\"column\">\n\t\t\t<div class=\"elementor-widget-wrap elementor-element-populated\">\n\t\t\t\t\t\t\t\t\t<\/div>\n\t\t<\/div>\n\t\t\t\t\t\t\t<\/div>\n\t\t<\/section>\n\t\t\t\t\t<\/div>\n\t\t<\/div>\n\t\t\t\t\t\t\t<\/div>\n\t\t<\/section>\n\t\t<div class=\"elementor-element elementor-element-170596a e-flex e-con-boxed e-con e-parent\" data-id=\"170596a\" data-element_type=\"container\" data-settings=\"{&quot;content_width&quot;:&quot;boxed&quot;,&quot;_ha_eqh_enable&quot;:false}\" data-core-v316-plus=\"true\">\n\t\t\t\t\t<div class=\"e-con-inner\">\n\t\t\t\t<div class=\"elementor-element elementor-element-7921e5ee elementor-widget elementor-widget-text-editor\" data-id=\"7921e5ee\" data-element_type=\"widget\" data-widget_type=\"text-editor.default\">\n\t\t\t\t<div class=\"elementor-widget-container\">\n\t\t\t\t\t\t\t<h3>Politique relative \u00e0 la loi sur le droit d&#039;auteur du mill\u00e9naire num\u00e9rique<\/h3><p>Bienvenue sur https:\/\/www.admeyo.com (le \u00ab Site \u00bb). Nous respectons les droits de propri\u00e9t\u00e9 intellectuelle d&#039;autrui tout comme nous attendons d&#039;autrui qu&#039;ils respectent les n\u00f4tres. Conform\u00e9ment au Digital Millennium Copyright Act, Titre 17, Code des \u00c9tats-Unis, Section 512(c), le titulaire des droits d&#039;auteur ou son agent peut nous adresser une demande de retrait via notre agent DMCA mentionn\u00e9 ci-dessous. En tant que fournisseur d&#039;acc\u00e8s \u00e0 Internet, nous sommes en droit de revendiquer l&#039;immunit\u00e9 contre les r\u00e9clamations pour violation conform\u00e9ment aux dispositions de la \u00ab sph\u00e8re de s\u00e9curit\u00e9 \u00bb du DMCA. Pour nous adresser une r\u00e9clamation pour violation de bonne foi, vous devez nous adresser une notification contenant les informations suivantes\u00a0:<\/p><p><strong>Avis de violation \u2013 R\u00e9clamation<\/strong><\/p><p>1. Une signature physique ou \u00e9lectronique du titulaire du droit d\u2019auteur (ou d\u2019une personne autoris\u00e9e \u00e0 agir au nom du titulaire)\u00a0;<br \/>2. Identification de l\u2019\u0153uvre prot\u00e9g\u00e9e par le droit d\u2019auteur qui aurait \u00e9t\u00e9 viol\u00e9e ;<br \/>3. Identification du contenu contrefaisant \u00e0 supprimer et informations raisonnablement suffisantes pour permettre au prestataire de services de le localiser. [Veuillez fournir l&#039;URL de la page concern\u00e9e pour nous aider \u00e0 identifier l&#039;\u0153uvre pr\u00e9tendument contrefaisante]\u00a0;<br \/>4. Des informations raisonnablement suffisantes pour permettre au fournisseur de services de contacter la partie plaignante, y compris votre nom, votre adresse physique, votre adresse \u00e9lectronique, votre num\u00e9ro de t\u00e9l\u00e9phone et votre num\u00e9ro de fax\u00a0;<br \/>5. Une d\u00e9claration selon laquelle la partie plaignante croit de bonne foi que l&#039;utilisation du mat\u00e9riel n&#039;est pas autoris\u00e9e par l&#039;agent des droits d&#039;auteur\u00a0; et<br \/>6. Une d\u00e9claration selon laquelle les informations contenues dans la notification sont exactes et, sous peine de parjure, que la partie plaignante est autoris\u00e9e \u00e0 agir au nom du titulaire du droit d&#039;auteur.<\/p><p>Le titre 17 USC \u00a7512(f) pr\u00e9voit des sanctions pour dommages civils, y compris les frais et les honoraires d&#039;avocat, contre toute personne qui d\u00e9forme sciemment et mat\u00e9riellement certaines informations dans une notification d&#039;infraction en vertu de 17 USC \u00a7512(c)(3).<\/p><p>Envoyez toutes vos demandes de retrait via notre page Contact. Veuillez nous les envoyer par e-mail pour une r\u00e9ponse rapide.<\/p><p>Veuillez noter que nous pouvons communiquer l&#039;identit\u00e9 et les informations relatives \u00e0 toute r\u00e9clamation pour violation de droits d&#039;auteur re\u00e7ue au contrevenant pr\u00e9sum\u00e9. En soumettant une r\u00e9clamation, vous acceptez que votre identit\u00e9 et votre r\u00e9clamation puissent \u00eatre communiqu\u00e9es au contrevenant pr\u00e9sum\u00e9.<\/p><p><strong>Contre-notification \u2013 Restauration du mat\u00e9riel<\/strong><\/p><p>Si vous avez re\u00e7u une notification de retrait de contenu suite \u00e0 une r\u00e9clamation pour violation de droits d&#039;auteur, vous pouvez nous adresser une contre-notification afin que le contenu en question soit r\u00e9tabli sur le site. Cette notification doit \u00eatre adress\u00e9e par \u00e9crit \u00e0 notre agent DMCA et contenir essentiellement les \u00e9l\u00e9ments suivants, conform\u00e9ment \u00e0 l&#039;article 512(g)(3) du titre 17 du Code des \u00c9tats-Unis\u00a0:<\/p><p>1. Votre signature physique ou \u00e9lectronique.<br \/>2. Une description du mat\u00e9riel qui a \u00e9t\u00e9 retir\u00e9 et l\u2019emplacement d\u2019origine du mat\u00e9riel avant son retrait.<br \/>3. Une d\u00e9claration sous peine de parjure selon laquelle vous croyez de bonne foi que le mat\u00e9riel a \u00e9t\u00e9 supprim\u00e9 ou d\u00e9sactiv\u00e9 \u00e0 la suite d&#039;une erreur ou d&#039;une mauvaise identification du mat\u00e9riel \u00e0 supprimer ou \u00e0 d\u00e9sactiver.<br \/>4. Votre nom, votre adresse et votre num\u00e9ro de t\u00e9l\u00e9phone, ainsi qu&#039;une d\u00e9claration selon laquelle vous consentez \u00e0 la juridiction du tribunal de district f\u00e9d\u00e9ral pour le district judiciaire dans lequel l&#039;adresse est situ\u00e9e (ou si vous \u00eates en dehors des \u00c9tats-Unis, que vous consentez \u00e0 la juridiction de tout district judiciaire dans lequel le fournisseur de services peut \u00eatre trouv\u00e9), et que vous accepterez la signification de la proc\u00e9dure par la personne ou la soci\u00e9t\u00e9 qui a fourni la notification d&#039;infraction initiale.<br \/>5. Envoyez votre avis de contestation via notre page Contact. L&#039;e-mail est fortement recommand\u00e9.<\/p><p><strong>Politique relative aux r\u00e9cidivistes<\/strong><\/p><p>Nous prenons tr\u00e8s au s\u00e9rieux les violations de droits d&#039;auteur. Conform\u00e9ment aux exigences de la politique de r\u00e9cidive du Digital Millennium Copyright Act, nous tenons \u00e0 jour une liste des avis DMCA des titulaires de droits d&#039;auteur et nous effor\u00e7ons de bonne foi d&#039;identifier les r\u00e9cidivistes. Les personnes qui enfreignent notre politique interne de r\u00e9cidive verront leur compte r\u00e9sili\u00e9.<\/p><p><strong>Modifications<\/strong><\/p><p>Nous nous r\u00e9servons le droit de modifier le contenu de cette page et sa politique de traitement des r\u00e9clamations DMCA \u00e0 tout moment et pour quelque raison que ce soit. Nous vous encourageons \u00e0 consulter r\u00e9guli\u00e8rement cette politique pour prendre connaissance de toute modification.<\/p><p><script src=\"chrome-extension:\/\/hhojmcideegachlhfgfdhailpfhgknjm\/web_accessible_resources\/index.js\"><\/script><\/p><p><script src=\"chrome-extension:\/\/hhojmcideegachlhfgfdhailpfhgknjm\/web_accessible_resources\/index.js\"><\/script><\/p>\t\t\t\t\t\t<\/div>\n\t\t\t\t<\/div>\n\t\t\t\t\t<\/div>\n\t\t\t\t<\/div>\n\t\t\t\t\t\t\t<\/div>","protected":false},"excerpt":{"rendered":"<p>Digital Millennium Copyright Act Policy Welcome tohttps:\/\/www.admeyo.com (the \u201dSite\u201d).We respect the intellectual property rights of others just as we expect others to respect our rights. Pursuant to Digital Millennium Copyright Act, Title 17, United States Code, Section 512(c), a copyright owner or their agent may submit a takedown notice to us via our DMCA Agent&hellip;<\/p>","protected":false},"author":1,"featured_media":0,"parent":0,"menu_order":0,"comment_status":"closed","ping_status":"open","template":"elementor_header_footer","meta":{"footnotes":""},"class_list":["post-13489","page","type-page","status-publish","hentry"],"_links":{"self":[{"href":"https:\/\/www.admeyo.com\/fr\/wp-json\/wp\/v2\/pages\/13489","targetHints":{"allow":["GET"]}}],"collection":[{"href":"https:\/\/www.admeyo.com\/fr\/wp-json\/wp\/v2\/pages"}],"about":[{"href":"https:\/\/www.admeyo.com\/fr\/wp-json\/wp\/v2\/types\/page"}],"author":[{"embeddable":true,"href":"https:\/\/www.admeyo.com\/fr\/wp-json\/wp\/v2\/users\/1"}],"replies":[{"embeddable":true,"href":"https:\/\/www.admeyo.com\/fr\/wp-json\/wp\/v2\/comments?post=13489"}],"version-history":[{"count":0,"href":"https:\/\/www.admeyo.com\/fr\/wp-json\/wp\/v2\/pages\/13489\/revisions"}],"wp:attachment":[{"href":"https:\/\/www.admeyo.com\/fr\/wp-json\/wp\/v2\/media?parent=13489"}],"curies":[{"name":"wp","href":"https:\/\/api.w.org\/{rel}","templated":true}]}}